{"id":24,"date":"2018-02-20T10:06:03","date_gmt":"2018-02-20T09:06:03","guid":{"rendered":"https:\/\/new.janina-roider.de\/?page_id=24"},"modified":"2020-11-05T16:54:24","modified_gmt":"2020-11-05T15:54:24","slug":"about","status":"publish","type":"page","link":"https:\/\/www.janinaroider.com\/en\/about\/","title":{"rendered":"ABOUT JANINA"},"content":{"rendered":"<figure id=\"attachment_787\" aria-describedby=\"caption-attachment-787\" style=\"width: 549px\" class=\"wp-caption aligncenter\"><img loading=\"lazy\" decoding=\"async\" class=\"wp-image-787\" src=\"https:\/\/new.janina-roider.de\/wp-content\/uploads\/2018\/05\/JANINA_ROIDER_038_web_klein.jpg\" alt=\"Janina Roider Studio Artist\" width=\"549\" height=\"822\" srcset=\"https:\/\/www.janinaroider.com\/wp-content\/uploads\/2018\/05\/JANINA_ROIDER_038_web_klein.jpg 534w, https:\/\/www.janinaroider.com\/wp-content\/uploads\/2018\/05\/JANINA_ROIDER_038_web_klein-200x300.jpg 200w, https:\/\/www.janinaroider.com\/wp-content\/uploads\/2018\/05\/JANINA_ROIDER_038_web_klein-520x779.jpg 520w\" sizes=\"auto, (max-width: 549px) 100vw, 549px\" \/><figcaption id=\"caption-attachment-787\" class=\"wp-caption-text\"><span style=\"font-family: helvetica, arial, sans-serif; font-size: 8pt;\">Janina Roider Studio Shot Photo Credits by Nikolas Fabian Kammerer 2018<\/span><\/p>\n<p><\/figcaption><\/figure>\n<p><span style=\"font-family: helvetica, arial, sans-serif;\">Janina\u00a0Roider was born in 1986 in Dachau and today lives and works in Munich in Germany. Lately she has been granted a one year scholarship of the Konrad Adenauer Foundation in Berlin.\u00a0<\/span><\/p>\n<p><span style=\"font-family: helvetica, arial, sans-serif;\">Janina Roider has received several awards such as studio fundings both of the city of Munich and the Federal State of Bavaria in Germany over the past years. With the support of a scholarship for gifted students sponsored by the Evangelische Studienwerk e.V. she studied from 2008 until 2010\u00a0at the Academy of Fine Art in Munich under Matthias W\u00e4hner and G\u00fcnther F\u00f6rg of whom she has been awarded &#8220;Meistersch\u00fcler&#8221; (Master Scholar) before he passed away. <\/span><br \/>\n<span style=\"font-family: helvetica, arial, sans-serif;\">She earned a one year scholarship at the Glasgow School of Art where she graduated with a Bachelor of Art in 2010. Ever since she had several solo shows, exhibited internationally in group exhibitons and has been represented at art fairs such as the Art Karlsruhe.\u00a0<\/span><\/p>\n<p>&nbsp;<\/p>\n<p>&nbsp;<\/p>\n<figure id=\"attachment_782\" aria-describedby=\"caption-attachment-782\" style=\"width: 549px\" class=\"wp-caption aligncenter\"><img loading=\"lazy\" decoding=\"async\" class=\"wp-image-782\" src=\"https:\/\/new.janina-roider.de\/wp-content\/uploads\/2018\/05\/JANINA_ROIDER_122_web.jpg\" alt=\"Janina Roider Studio Artist\" width=\"549\" height=\"822\" srcset=\"https:\/\/www.janinaroider.com\/wp-content\/uploads\/2018\/05\/JANINA_ROIDER_122_web.jpg 801w, https:\/\/www.janinaroider.com\/wp-content\/uploads\/2018\/05\/JANINA_ROIDER_122_web-200x300.jpg 200w, https:\/\/www.janinaroider.com\/wp-content\/uploads\/2018\/05\/JANINA_ROIDER_122_web-768x1151.jpg 768w, https:\/\/www.janinaroider.com\/wp-content\/uploads\/2018\/05\/JANINA_ROIDER_122_web-684x1024.jpg 684w, https:\/\/www.janinaroider.com\/wp-content\/uploads\/2018\/05\/JANINA_ROIDER_122_web-520x779.jpg 520w, https:\/\/www.janinaroider.com\/wp-content\/uploads\/2018\/05\/JANINA_ROIDER_122_web-740x1109.jpg 740w\" sizes=\"auto, (max-width: 549px) 100vw, 549px\" \/><figcaption id=\"caption-attachment-782\" class=\"wp-caption-text\"><span style=\"font-size: 8pt;\">Janina Roider Studio Shot Photo Credits by Nikolas Fabian Kammerer 2018<\/span><\/figcaption><\/figure>\n<p><span style=\"font-family: helvetica, arial, sans-serif;\">Before she discovered the world of art at the late age of 16, her main interested was playing music which still is part of her creative life. <\/span><br \/>\n<span style=\"font-family: helvetica, arial, sans-serif;\">Janina Roider\u00b4s work deals with the ongoing question what painting is, after it has been declared dead several times. What can it add to an accelerated world of an unlimited flood of images? Her paintings invite people to linger and rethink the idea of the perception of pictures, the process of its production followed by the urge of sharing them.\u00a0<\/span><\/p>\n<p><span style=\"font-family: helvetica, arial, sans-serif;\">While over ten years she mainly focused on the classical genre of portraiture, she has enriched her body of work with different materials such as digital painting, mirror glass, drawing, printing and sculpting. In her latest two solo shows in Munich and Hamburg Janina Roider opened up to a new concept of presentation with two side specific installations.<\/span><\/p>\n<p>&nbsp;<\/p>\n<figure id=\"attachment_788\" aria-describedby=\"caption-attachment-788\" style=\"width: 549px\" class=\"wp-caption aligncenter\"><img loading=\"lazy\" decoding=\"async\" class=\"wp-image-788\" src=\"https:\/\/new.janina-roider.de\/wp-content\/uploads\/2018\/05\/JANINA_ROIDER_298_web_klein.jpg\" alt=\"Janina Roider Studio Artist\" width=\"549\" height=\"800\" srcset=\"https:\/\/www.janinaroider.com\/wp-content\/uploads\/2018\/05\/JANINA_ROIDER_298_web_klein.jpg 549w, https:\/\/www.janinaroider.com\/wp-content\/uploads\/2018\/05\/JANINA_ROIDER_298_web_klein-206x300.jpg 206w, https:\/\/www.janinaroider.com\/wp-content\/uploads\/2018\/05\/JANINA_ROIDER_298_web_klein-520x758.jpg 520w\" sizes=\"auto, (max-width: 549px) 100vw, 549px\" \/><figcaption id=\"caption-attachment-788\" class=\"wp-caption-text\"><span style=\"font-family: helvetica, arial, sans-serif; font-size: 8pt;\">Janina Roider Studio Shot Photo Credits by Nikolas Fabian Kammerer 2018<\/span><\/figcaption><\/figure>\n","protected":false},"excerpt":{"rendered":"<p>Janina\u00a0Roider was born in 1986 in Dachau and today lives and works in Munich in Germany. Lately she has been granted a one year scholarship of the Konrad Adenauer Foundation in Berlin.\u00a0 Janina Roider has<a class=\"read-more\" href=\"https:\/\/www.janinaroider.com\/en\/about\/\">Continue reading<\/a><\/p>\n","protected":false},"author":1,"featured_media":0,"parent":0,"menu_order":0,"comment_status":"closed","ping_status":"closed","template":"","meta":{"footnotes":""},"class_list":["post-24","page","type-page","status-publish","hentry"],"translation":{"provider":"WPGlobus","version":"2.10.10","language":"en","enabled_languages":["de","en"],"languages":{"de":{"title":true,"content":true,"excerpt":false},"en":{"title":true,"content":true,"excerpt":false}}},"yoast_head":"<!-- This site is optimized with the Yoast SEO plugin v20.11 - https:\/\/yoast.com\/wordpress\/plugins\/seo\/ -->\n<title>ABOUT JANINA | JANINA ROIDER STUDIO<\/title>\n<meta name=\"robots\" content=\"index, follow, max-snippet:-1, max-image-preview:large, max-video-preview:-1\" \/>\n<link rel=\"canonical\" href=\"https:\/\/www.janinaroider.com\/about\/\" \/>\n<meta property=\"og:locale\" content=\"en_US\" \/>\n<meta property=\"og:type\" content=\"article\" \/>\n<meta property=\"og:title\" content=\"ABOUT JANINA | JANINA ROIDER STUDIO\" \/>\n<meta property=\"og:url\" content=\"https:\/\/www.janinaroider.com\/about\/\" \/>\n<meta property=\"og:site_name\" content=\"JANINA ROIDER STUDIO\" \/>\n<meta property=\"article:modified_time\" content=\"2020-11-05T15:54:24+00:00\" \/>\n<meta property=\"og:image\" content=\"https:\/\/new.janina-roider.de\/wp-content\/uploads\/2018\/05\/JANINA_ROIDER_038_web_klein-1.jpg\" \/>\n<meta name=\"twitter:card\" content=\"summary_large_image\" \/>\n<meta name=\"twitter:label1\" content=\"Est. reading time\" \/>\n\t<meta name=\"twitter:data1\" content=\"4 minutes\" \/>\n<script type=\"application\/ld+json\" class=\"yoast-schema-graph\">{\"@context\":\"https:\/\/schema.org\",\"@graph\":[{\"@type\":\"WebPage\",\"@id\":\"https:\/\/www.janinaroider.com\/about\/\",\"url\":\"https:\/\/www.janinaroider.com\/about\/\",\"name\":\"ABOUT JANINA | JANINA ROIDER STUDIO\",\"isPartOf\":{\"@id\":\"https:\/\/www.janinaroider.com\/#website\"},\"datePublished\":\"2018-02-20T09:06:03+00:00\",\"dateModified\":\"2020-11-05T15:54:24+00:00\",\"breadcrumb\":{\"@id\":\"https:\/\/www.janinaroider.com\/about\/#breadcrumb\"},\"inLanguage\":\"en-US\",\"potentialAction\":[{\"@type\":\"ReadAction\",\"target\":[\"https:\/\/www.janinaroider.com\/about\/\"]}]},{\"@type\":\"BreadcrumbList\",\"@id\":\"https:\/\/www.janinaroider.com\/about\/#breadcrumb\",\"itemListElement\":[{\"@type\":\"ListItem\",\"position\":1,\"name\":\"Startseite\",\"item\":\"https:\/\/www.janinaroider.com\/\"},{\"@type\":\"ListItem\",\"position\":2,\"name\":\"\u00dcBER JANINA\"}]},{\"@type\":\"WebSite\",\"@id\":\"https:\/\/www.janinaroider.com\/#website\",\"url\":\"https:\/\/www.janinaroider.com\/\",\"name\":\"JANINA ROIDER STUDIO\",\"description\":\"Artist lives and works in Munich\",\"potentialAction\":[{\"@type\":\"SearchAction\",\"target\":{\"@type\":\"EntryPoint\",\"urlTemplate\":\"https:\/\/www.janinaroider.com\/?s={search_term_string}\"},\"query-input\":\"required name=search_term_string\"}],\"inLanguage\":\"en-US\"}]}<\/script>\n<!-- \/ Yoast SEO plugin. -->","yoast_head_json":{"title":"ABOUT JANINA | JANINA ROIDER STUDIO","robots":{"index":"index","follow":"follow","max-snippet":"max-snippet:-1","max-image-preview":"max-image-preview:large","max-video-preview":"max-video-preview:-1"},"canonical":"https:\/\/www.janinaroider.com\/about\/","og_locale":"en_US","og_type":"article","og_title":"ABOUT JANINA | JANINA ROIDER STUDIO","og_url":"https:\/\/www.janinaroider.com\/about\/","og_site_name":"JANINA ROIDER STUDIO","article_modified_time":"2020-11-05T15:54:24+00:00","og_image":[{"url":"https:\/\/new.janina-roider.de\/wp-content\/uploads\/2018\/05\/JANINA_ROIDER_038_web_klein-1.jpg"}],"twitter_card":"summary_large_image","twitter_misc":{"Est. reading time":"4 minutes"},"schema":{"@context":"https:\/\/schema.org","@graph":[{"@type":"WebPage","@id":"https:\/\/www.janinaroider.com\/about\/","url":"https:\/\/www.janinaroider.com\/about\/","name":"ABOUT JANINA | JANINA ROIDER STUDIO","isPartOf":{"@id":"https:\/\/www.janinaroider.com\/#website"},"datePublished":"2018-02-20T09:06:03+00:00","dateModified":"2020-11-05T15:54:24+00:00","breadcrumb":{"@id":"https:\/\/www.janinaroider.com\/about\/#breadcrumb"},"inLanguage":"en-US","potentialAction":[{"@type":"ReadAction","target":["https:\/\/www.janinaroider.com\/about\/"]}]},{"@type":"BreadcrumbList","@id":"https:\/\/www.janinaroider.com\/about\/#breadcrumb","itemListElement":[{"@type":"ListItem","position":1,"name":"Startseite","item":"https:\/\/www.janinaroider.com\/"},{"@type":"ListItem","position":2,"name":"\u00dcBER JANINA"}]},{"@type":"WebSite","@id":"https:\/\/www.janinaroider.com\/#website","url":"https:\/\/www.janinaroider.com\/","name":"JANINA ROIDER STUDIO","description":"Artist lives and works in Munich","potentialAction":[{"@type":"SearchAction","target":{"@type":"EntryPoint","urlTemplate":"https:\/\/www.janinaroider.com\/?s={search_term_string}"},"query-input":"required name=search_term_string"}],"inLanguage":"en-US"}]}},"_links":{"self":[{"href":"https:\/\/www.janinaroider.com\/en\/wp-json\/wp\/v2\/pages\/24","targetHints":{"allow":["GET"]}}],"collection":[{"href":"https:\/\/www.janinaroider.com\/en\/wp-json\/wp\/v2\/pages"}],"about":[{"href":"https:\/\/www.janinaroider.com\/en\/wp-json\/wp\/v2\/types\/page"}],"author":[{"embeddable":true,"href":"https:\/\/www.janinaroider.com\/en\/wp-json\/wp\/v2\/users\/1"}],"replies":[{"embeddable":true,"href":"https:\/\/www.janinaroider.com\/en\/wp-json\/wp\/v2\/comments?post=24"}],"version-history":[{"count":36,"href":"https:\/\/www.janinaroider.com\/en\/wp-json\/wp\/v2\/pages\/24\/revisions"}],"predecessor-version":[{"id":1543,"href":"https:\/\/www.janinaroider.com\/en\/wp-json\/wp\/v2\/pages\/24\/revisions\/1543"}],"wp:attachment":[{"href":"https:\/\/www.janinaroider.com\/en\/wp-json\/wp\/v2\/media?parent=24"}],"curies":[{"name":"wp","href":"https:\/\/api.w.org\/{rel}","templated":true}]}}